{"id":819,"date":"2024-08-24T12:05:49","date_gmt":"2024-08-24T16:05:49","guid":{"rendered":"https:\/\/ckx.net.ve\/web\/soporte-tecnico\/"},"modified":"2024-09-05T09:04:42","modified_gmt":"2024-09-05T13:04:42","slug":"soporte-tecnico","status":"publish","type":"page","link":"https:\/\/ckx.net.ve\/web\/soporte-tecnico\/","title":{"rendered":"Soporte T\u00e9cnico"},"content":{"rendered":"\n\n\n\n\n\n\n\n","protected":false},"excerpt":{"rendered":"","protected":false},"author":1,"featured_media":0,"parent":0,"menu_order":0,"comment_status":"closed","ping_status":"closed","template":"full-width","meta":{"saved_in_kubio":true,"footnotes":""},"class_list":["post-819","page","type-page","status-publish","hentry"],"kubio_ai_page_context":{"short_desc":"","purpose":"general"},"yoast_head":"<!-- This site is optimized with the Yoast SEO plugin v23.3 - https:\/\/yoast.com\/wordpress\/plugins\/seo\/ -->\n<title>Soporte T\u00e9cnico &#8211; CKX Negocios en Red<\/title>\n<meta name=\"robots\" content=\"index, follow, max-snippet:-1, max-image-preview:large, max-video-preview:-1\" \/>\n<link rel=\"canonical\" href=\"https:\/\/ckx.net.ve\/web\/soporte-tecnico\/\" \/>\n<meta property=\"og:locale\" content=\"es_ES\" \/>\n<meta property=\"og:type\" content=\"article\" \/>\n<meta property=\"og:title\" content=\"Soporte T\u00e9cnico &#8211; CKX Negocios en Red\" \/>\n<meta property=\"og:url\" content=\"https:\/\/ckx.net.ve\/web\/soporte-tecnico\/\" \/>\n<meta property=\"og:site_name\" content=\"CKX Negocios en Red\" \/>\n<meta property=\"article:publisher\" content=\"https:\/\/www.facebook.com\/profile.php?id=61560718495798\" \/>\n<meta property=\"article:modified_time\" content=\"2024-09-05T13:04:42+00:00\" \/>\n<meta property=\"og:image\" content=\"https:\/\/i0.wp.com\/ckx.net.ve\/web\/wp-content\/uploads\/2024\/07\/logo-ckx.png?fit=721%2C336&ssl=1\" \/>\n\t<meta property=\"og:image:width\" content=\"721\" \/>\n\t<meta property=\"og:image:height\" content=\"336\" \/>\n\t<meta property=\"og:image:type\" content=\"image\/png\" \/>\n<meta name=\"twitter:label1\" content=\"Tiempo de lectura\" \/>\n\t<meta name=\"twitter:data1\" content=\"1 minuto\" \/>\n<script type=\"application\/ld+json\" class=\"yoast-schema-graph\">{\"@context\":\"https:\/\/schema.org\",\"@graph\":[{\"@type\":\"WebPage\",\"@id\":\"https:\/\/ckx.net.ve\/web\/soporte-tecnico\/\",\"url\":\"https:\/\/ckx.net.ve\/web\/soporte-tecnico\/\",\"name\":\"Soporte T\u00e9cnico &#8211; CKX Negocios en Red\",\"isPartOf\":{\"@id\":\"https:\/\/ckx.net.ve\/web\/#website\"},\"datePublished\":\"2024-08-24T16:05:49+00:00\",\"dateModified\":\"2024-09-05T13:04:42+00:00\",\"breadcrumb\":{\"@id\":\"https:\/\/ckx.net.ve\/web\/soporte-tecnico\/#breadcrumb\"},\"inLanguage\":\"es\",\"potentialAction\":[{\"@type\":\"ReadAction\",\"target\":[\"https:\/\/ckx.net.ve\/web\/soporte-tecnico\/\"]}]},{\"@type\":\"BreadcrumbList\",\"@id\":\"https:\/\/ckx.net.ve\/web\/soporte-tecnico\/#breadcrumb\",\"itemListElement\":[{\"@type\":\"ListItem\",\"position\":1,\"name\":\"Portada\",\"item\":\"https:\/\/ckx.net.ve\/web\/\"},{\"@type\":\"ListItem\",\"position\":2,\"name\":\"Soporte T\u00e9cnico\"}]},{\"@type\":\"WebSite\",\"@id\":\"https:\/\/ckx.net.ve\/web\/#website\",\"url\":\"https:\/\/ckx.net.ve\/web\/\",\"name\":\"CKX Negocios en Red\",\"description\":\"PxPlux - pfSense - Sistema de Informaci\u00f3n General - Desarrollo de Aplicaciones, Servicio T\u00e9cnico.  CKX Negocios en Red, su aliado comercial y estrat\u00e9gico, respaldamos el \u00e9xito de tu empresa, con soluciones tecnol\u00f3gicamente avanzadas y sostenibles financieramente, herramientas dise\u00f1adas para el mundo comercial actual. Transformamos tus ideas en soluciones aplicables a tu organizaci\u00f3n\",\"publisher\":{\"@id\":\"https:\/\/ckx.net.ve\/web\/#organization\"},\"alternateName\":\"CKX\",\"potentialAction\":[{\"@type\":\"SearchAction\",\"target\":{\"@type\":\"EntryPoint\",\"urlTemplate\":\"https:\/\/ckx.net.ve\/web\/?s={search_term_string}\"},\"query-input\":\"required name=search_term_string\"}],\"inLanguage\":\"es\"},{\"@type\":\"Organization\",\"@id\":\"https:\/\/ckx.net.ve\/web\/#organization\",\"name\":\"CKX Negocios en Red\",\"url\":\"https:\/\/ckx.net.ve\/web\/\",\"logo\":{\"@type\":\"ImageObject\",\"inLanguage\":\"es\",\"@id\":\"https:\/\/ckx.net.ve\/web\/#\/schema\/logo\/image\/\",\"url\":\"https:\/\/i0.wp.com\/ckx.net.ve\/web\/wp-content\/uploads\/2024\/07\/logo-ckx.png?fit=721%2C336&ssl=1\",\"contentUrl\":\"https:\/\/i0.wp.com\/ckx.net.ve\/web\/wp-content\/uploads\/2024\/07\/logo-ckx.png?fit=721%2C336&ssl=1\",\"width\":721,\"height\":336,\"caption\":\"CKX Negocios en Red\"},\"image\":{\"@id\":\"https:\/\/ckx.net.ve\/web\/#\/schema\/logo\/image\/\"},\"sameAs\":[\"https:\/\/www.facebook.com\/profile.php?id=61560718495798\",\"https:\/\/x.com\/ckknetve\"]}]}<\/script>\n<!-- \/ Yoast SEO plugin. -->","yoast_head_json":{"title":"Soporte T\u00e9cnico &#8211; CKX Negocios en Red","robots":{"index":"index","follow":"follow","max-snippet":"max-snippet:-1","max-image-preview":"max-image-preview:large","max-video-preview":"max-video-preview:-1"},"canonical":"https:\/\/ckx.net.ve\/web\/soporte-tecnico\/","og_locale":"es_ES","og_type":"article","og_title":"Soporte T\u00e9cnico &#8211; CKX Negocios en Red","og_url":"https:\/\/ckx.net.ve\/web\/soporte-tecnico\/","og_site_name":"CKX Negocios en Red","article_publisher":"https:\/\/www.facebook.com\/profile.php?id=61560718495798","article_modified_time":"2024-09-05T13:04:42+00:00","og_image":[{"width":721,"height":336,"url":"https:\/\/i0.wp.com\/ckx.net.ve\/web\/wp-content\/uploads\/2024\/07\/logo-ckx.png?fit=721%2C336&ssl=1","type":"image\/png"}],"twitter_misc":{"Tiempo de lectura":"1 minuto"},"schema":{"@context":"https:\/\/schema.org","@graph":[{"@type":"WebPage","@id":"https:\/\/ckx.net.ve\/web\/soporte-tecnico\/","url":"https:\/\/ckx.net.ve\/web\/soporte-tecnico\/","name":"Soporte T\u00e9cnico &#8211; CKX Negocios en Red","isPartOf":{"@id":"https:\/\/ckx.net.ve\/web\/#website"},"datePublished":"2024-08-24T16:05:49+00:00","dateModified":"2024-09-05T13:04:42+00:00","breadcrumb":{"@id":"https:\/\/ckx.net.ve\/web\/soporte-tecnico\/#breadcrumb"},"inLanguage":"es","potentialAction":[{"@type":"ReadAction","target":["https:\/\/ckx.net.ve\/web\/soporte-tecnico\/"]}]},{"@type":"BreadcrumbList","@id":"https:\/\/ckx.net.ve\/web\/soporte-tecnico\/#breadcrumb","itemListElement":[{"@type":"ListItem","position":1,"name":"Portada","item":"https:\/\/ckx.net.ve\/web\/"},{"@type":"ListItem","position":2,"name":"Soporte T\u00e9cnico"}]},{"@type":"WebSite","@id":"https:\/\/ckx.net.ve\/web\/#website","url":"https:\/\/ckx.net.ve\/web\/","name":"CKX Negocios en Red","description":"PxPlux - pfSense - Sistema de Informaci\u00f3n General - Desarrollo de Aplicaciones, Servicio T\u00e9cnico.  CKX Negocios en Red, su aliado comercial y estrat\u00e9gico, respaldamos el \u00e9xito de tu empresa, con soluciones tecnol\u00f3gicamente avanzadas y sostenibles financieramente, herramientas dise\u00f1adas para el mundo comercial actual. Transformamos tus ideas en soluciones aplicables a tu organizaci\u00f3n","publisher":{"@id":"https:\/\/ckx.net.ve\/web\/#organization"},"alternateName":"CKX","potentialAction":[{"@type":"SearchAction","target":{"@type":"EntryPoint","urlTemplate":"https:\/\/ckx.net.ve\/web\/?s={search_term_string}"},"query-input":"required name=search_term_string"}],"inLanguage":"es"},{"@type":"Organization","@id":"https:\/\/ckx.net.ve\/web\/#organization","name":"CKX Negocios en Red","url":"https:\/\/ckx.net.ve\/web\/","logo":{"@type":"ImageObject","inLanguage":"es","@id":"https:\/\/ckx.net.ve\/web\/#\/schema\/logo\/image\/","url":"https:\/\/i0.wp.com\/ckx.net.ve\/web\/wp-content\/uploads\/2024\/07\/logo-ckx.png?fit=721%2C336&ssl=1","contentUrl":"https:\/\/i0.wp.com\/ckx.net.ve\/web\/wp-content\/uploads\/2024\/07\/logo-ckx.png?fit=721%2C336&ssl=1","width":721,"height":336,"caption":"CKX Negocios en Red"},"image":{"@id":"https:\/\/ckx.net.ve\/web\/#\/schema\/logo\/image\/"},"sameAs":["https:\/\/www.facebook.com\/profile.php?id=61560718495798","https:\/\/x.com\/ckknetve"]}]}},"jetpack_sharing_enabled":true,"_links":{"self":[{"href":"https:\/\/ckx.net.ve\/web\/wp-json\/wp\/v2\/pages\/819","targetHints":{"allow":["GET"]}}],"collection":[{"href":"https:\/\/ckx.net.ve\/web\/wp-json\/wp\/v2\/pages"}],"about":[{"href":"https:\/\/ckx.net.ve\/web\/wp-json\/wp\/v2\/types\/page"}],"author":[{"embeddable":true,"href":"https:\/\/ckx.net.ve\/web\/wp-json\/wp\/v2\/users\/1"}],"replies":[{"embeddable":true,"href":"https:\/\/ckx.net.ve\/web\/wp-json\/wp\/v2\/comments?post=819"}],"version-history":[{"count":17,"href":"https:\/\/ckx.net.ve\/web\/wp-json\/wp\/v2\/pages\/819\/revisions"}],"predecessor-version":[{"id":1187,"href":"https:\/\/ckx.net.ve\/web\/wp-json\/wp\/v2\/pages\/819\/revisions\/1187"}],"wp:attachment":[{"href":"https:\/\/ckx.net.ve\/web\/wp-json\/wp\/v2\/media?parent=819"}],"curies":[{"name":"wp","href":"https:\/\/api.w.org\/{rel}","templated":true}]}}